{"id":1525,"date":"2016-02-08T07:31:03","date_gmt":"2016-02-08T07:31:03","guid":{"rendered":"http:\/\/bbars.lv\/en\/?page_id=1525"},"modified":"2025-07-07T11:22:38","modified_gmt":"2025-07-07T11:22:38","slug":"sakumlapa","status":"publish","type":"page","link":"https:\/\/bbars.lv\/en\/","title":{"rendered":"Home"},"content":{"rendered":"<div id='fullscreen_slider_1'  class='avia-fullscreen-slider main_color   avia-builder-el-0  el_before_av_portfolio  avia-builder-el-first   container_wrap sidebar_right'  ><a href='#next-section' title='' class='scroll-down-link av-control-default' aria-hidden='true' data-av_icon='\ue877' data-av_iconfont='entypo-fontello'><\/a><div   data-size='no scaling'  data-lightbox_size='large'  data-animation='slide_up'  data-conditional_play=''  data-ids=''  data-video_counter='1'  data-autoplay='true'  data-bg_slider='true'  data-slide_height='100'  data-handle='av_fullscreen'  data-interval='7'  data-class=' '  data-el_id=''  data-css_id='fullscreen_slider_1'  data-scroll_down='aviaTBscroll_down'  data-control_layout='av-control-default'  data-custom_markup=''  data-perma_caption='aviaTBperma_caption'  data-autoplay_stopper=''  data-image_attachment=''  data-min_height='0px'  data-lazy_loading='disabled'  data-stretch=''  data-img_scrset=''  class='avia-slideshow avia-slideshow-1 av-slider-scroll-down-active av-control-default avia-slideshow-no scaling av_fullscreen   avia-slide_up-slider '  itemprop=\"image\" itemscope=\"itemscope\" itemtype=\"https:\/\/schema.org\/ImageObject\" ><ul class='avia-slideshow-inner '  ><li  data-controls='aviaTBaviaTBvideo_controls' data-mute='aviaTBaviaTBvideo_mute' data-loop='aviaTBaviaTBvideo_loop' data-disable-autoplay=''  data-mobile-img='https:\/\/bbars.lv\/wp-content\/uploads\/2014\/07\/vlcsnap-2020-08-27-11h21m41s883.png' data-fallback-link='https:\/\/' class=' av-video-slide av-element-cover av-video-service-html5  av-hide-video-controls av-mute-video av-loop-video av-mobile-fallback-image  av-single-slide slide-1 ' ><div data-rel='slideshow-1' class='avia-slide-wrap ' style='background-image:url(\"https:\/\/bbars.lv\/wp-content\/uploads\/2014\/07\/vlcsnap-2020-08-27-11h21m41s883.png\");'   itemprop=\"video\" itemtype=\"https:\/\/schema.org\/VideoObject\" ><div class='av-click-overlay'><\/div><video class='avia_video' poster=\"https:\/\/bbars.lv\/wp-content\/uploads\/2014\/07\/vlcsnap-2020-08-27-11h21m41s883.png\" autoplay playsinline loop preload=\"metadata\" muted  id='player_1525_158515733_1847303210'><source src=\"http:\/\/bbars.lv\/wp-content\/uploads\/2014\/07\/BBAR_Barmen_720.mp4\" type=\"video\/mp4\" \/><\/video><div class='av-click-to-play-overlay'><div class=\"avia_playpause_icon\"><\/div><\/div><\/div><\/li><\/ul><div class = \"caption_fullwidth av-slideshow-caption caption_center caption_center_framed caption_framed\"><div class = \"container caption_container\"><div class = \"slideshow_caption\"><div class = \"slideshow_inner_caption\"><div class = \"slideshow_align_caption\"><h1  style='font-size:48px; color:#ffffff; ' class='avia-caption-title  '  itemprop=\"name\" >B B\u0101rs Restor\u0101ns<\/h1><div class='avia-caption-content  av_inherit_color'  itemprop=\"description\"   style='font-size:23px; '><p>For reservations call +371 67228842<\/p>\n<\/div><a href='https:\/\/bbars.lv\/en\/business-lunch-b-bars-restorans-lunch-in-old-riga\/'  class='avia-slideshow-button avia-button avia-color-light avia-multi-slideshow-button' data-duration='800' data-easing='easeInOutQuad'>Business lunch<\/a><a href='https:\/\/bbars.lv\/en\/dj_music\/'  class='avia-slideshow-button avia-button avia-color-light avia-multi-slideshow-button avia-slideshow-button-2' data-duration='800' data-easing='easeInOutQuad'>DJ &amp; Live Music<\/a><\/div><\/div><\/div><\/div><\/div><\/div><\/div>\n<div  id=\"av-sc-portfolio-1\"  class=' grid-sort-container isotope   no_margin-container with-no-container grid-total-odd grid-col-3 grid-links-' data-portfolio-id='1'><div data-ajax-id='1857' class=' grid-entry flex_column isotope-item all_sort no_margin post-entry post-entry-1857 grid-entry-overview grid-loop-1 grid-parity-odd   av_one_third first default_av_fullwidth '><article class='main_color inner-entry'  itemscope=\"itemscope\" itemtype=\"https:\/\/schema.org\/CreativeWork\" ><a href=\"https:\/\/bbars.lv\/en\/dj_music\/\" title=''  data-rel='grid-1' class='grid-image avia-hover-fx'> <img width=\"1\" height=\"1\" src=\"https:\/\/bbars.lv\/wp-content\/uploads\/2016\/02\/portfolio_dj_en-01-1.svg\" class=\"wp-image-5098 avia-img-lazy-loading-not-5098 attachment-portfolio size-portfolio wp-post-image\" alt=\"\" \/><\/a><footer class=\"entry-footer\"><\/footer><\/article><\/div><div data-ajax-id='1853' class=' grid-entry flex_column isotope-item all_sort no_margin post-entry post-entry-1853 grid-entry-overview grid-loop-2 grid-parity-even   av_one_third  default_av_fullwidth '><article class='main_color inner-entry'  itemscope=\"itemscope\" itemtype=\"https:\/\/schema.org\/CreativeWork\" ><a href=\"https:\/\/bbars.lv\/en\/banquets\/\" title=''  data-rel='grid-1' class='grid-image avia-hover-fx'> <img width=\"1\" height=\"1\" src=\"https:\/\/bbars.lv\/wp-content\/uploads\/2016\/02\/portfolio_banketi_en-01-1.svg\" class=\"wp-image-5094 avia-img-lazy-loading-not-5094 attachment-portfolio size-portfolio wp-post-image\" alt=\"\" \/><\/a><footer class=\"entry-footer\"><\/footer><\/article><\/div><div data-ajax-id='1851' class=' grid-entry flex_column isotope-item all_sort no_margin post-entry post-entry-1851 grid-entry-overview grid-loop-3 grid-parity-odd  post-entry-last   av_one_third  default_av_fullwidth '><article class='main_color inner-entry'  itemscope=\"itemscope\" itemtype=\"https:\/\/schema.org\/CreativeWork\" ><a href=\"https:\/\/bbars.lv\/en\/gifts\/\" title=''  data-rel='grid-1' class='grid-image avia-hover-fx'> <img width=\"1\" height=\"1\" src=\"https:\/\/bbars.lv\/wp-content\/uploads\/2016\/02\/portfolio_davanas_en-01.svg\" class=\"wp-image-5087 avia-img-lazy-loading-not-5087 attachment-portfolio size-portfolio wp-post-image\" alt=\"\" \/><\/a><footer class=\"entry-footer\"><\/footer><\/article><\/div><\/div>\n\n<style type=\"text\/css\" data-created_by=\"avia_inline_auto\" id=\"style-css-av-aen1l1-bddc53eb811bab526c25fe64dbf90d63\">\n.avia-section.av-aen1l1-bddc53eb811bab526c25fe64dbf90d63{\nbackground-repeat:no-repeat;\nbackground-image:url(https:\/\/bbars.lv\/wp-content\/uploads\/2014\/07\/2019-08-09-21_47_12.046-1030x550.jpg);\nbackground-position:50% 50%;\nbackground-attachment:scroll;\n}\n.avia-section.av-aen1l1-bddc53eb811bab526c25fe64dbf90d63 .av-section-color-overlay{\nopacity:0.6;\nbackground-color:#000000;\n}\n<\/style>\n<div id='av_section_1'  class='avia-section av-aen1l1-bddc53eb811bab526c25fe64dbf90d63 main_color avia-section-default avia-no-border-styling  avia-builder-el-2  el_after_av_portfolio  avia-builder-el-last  avia-full-stretch avia-bg-style-scroll av-section-color-overlay-active container_wrap sidebar_right'  data-section-bg-repeat='stretch'><div class='av-section-color-overlay-wrap'><div class=\"av-section-color-overlay\"><\/div><div class='container av-section-cont-open' ><div class='template-page content  av-content-small alpha units'><div class='post-entry post-entry-type-page post-entry-1525'><div class='entry-content-wrapper clearfix'>\n\n<style type=\"text\/css\" data-created_by=\"avia_inline_auto\" id=\"style-css-av-96qjfp-83d136e5e860f87ac910c5ff697d3815\">\n#top .hr.hr-invisible.av-96qjfp-83d136e5e860f87ac910c5ff697d3815{\nheight:50px;\n}\n<\/style>\n<div  class='hr av-96qjfp-83d136e5e860f87ac910c5ff697d3815 hr-invisible  avia-builder-el-3  el_before_av_one_third  avia-builder-el-first '><span class='hr-inner '><span class=\"hr-inner-style\"><\/span><\/span><\/div>\n<div class='flex_column_table av-7irrdx-476ff3c6c17c1932e881df41107e7921 sc-av_one_third av-equal-height-column-flextable'>\n<style type=\"text\/css\" data-created_by=\"avia_inline_auto\" id=\"style-css-av-7irrdx-476ff3c6c17c1932e881df41107e7921\">\n.flex_column.av-7irrdx-476ff3c6c17c1932e881df41107e7921{\nborder-radius:0px 1px 0px 0px;\n-webkit-border-radius:0px 1px 0px 0px;\n-moz-border-radius:0px 1px 0px 0px;\npadding:5px 5px 5px 5px;\n}\n<\/style>\n<div class='flex_column av-7irrdx-476ff3c6c17c1932e881df41107e7921 av_one_third  avia-builder-el-4  el_after_av_hr  el_before_av_one_third  first flex_column_table_cell av-equal-height-column av-align-top '   ><style type=\"text\/css\" data-created_by=\"avia_inline_auto\" id=\"style-css-av-kyubd5o6-68b106ccaa72a15e2a17dff039c8be44\">\n#top .av_textblock_section.av-kyubd5o6-68b106ccaa72a15e2a17dff039c8be44 .avia_textblock{\nfont-size:15px;\n}\n<\/style>\n<section  class='av_textblock_section av-kyubd5o6-68b106ccaa72a15e2a17dff039c8be44'  itemscope=\"itemscope\" itemtype=\"https:\/\/schema.org\/CreativeWork\" ><div class='avia_textblock'  itemprop=\"text\" ><p style=\"text-align: center;\"><span style=\"color: #ffffff;\">Here you will find a good restaurant and a trendy bar with a DJ on holiday.<\/span><\/p>\n<\/div><\/section><\/div><div class='av-flex-placeholder'><\/div>\n<style type=\"text\/css\" data-created_by=\"avia_inline_auto\" id=\"style-css-av-6bmwlx-12176f3fb4ac77b2e85d44e63c1b2fbb\">\n.flex_column.av-6bmwlx-12176f3fb4ac77b2e85d44e63c1b2fbb{\nborder-radius:0px 0px 0px 0px;\n-webkit-border-radius:0px 0px 0px 0px;\n-moz-border-radius:0px 0px 0px 0px;\npadding:5px 5px 5px 5px;\n}\n<\/style>\n<div class='flex_column av-6bmwlx-12176f3fb4ac77b2e85d44e63c1b2fbb av_one_third  avia-builder-el-6  el_after_av_one_third  el_before_av_one_third  flex_column_table_cell av-equal-height-column av-align-top '   ><style type=\"text\/css\" data-created_by=\"avia_inline_auto\" id=\"style-css-av-kyube2np-82f9091e376db782a0eefb7cd4d573e8\">\n#top .av_textblock_section.av-kyube2np-82f9091e376db782a0eefb7cd4d573e8 .avia_textblock{\nfont-size:15px;\n}\n<\/style>\n<section  class='av_textblock_section av-kyube2np-82f9091e376db782a0eefb7cd4d573e8'  itemscope=\"itemscope\" itemtype=\"https:\/\/schema.org\/CreativeWork\" ><div class='avia_textblock'  itemprop=\"text\" ><p style=\"text-align: center;\"><span style=\"color: #ffffff;\">Location and the view of the Dome Church give this place a special charm.<\/span><\/p>\n<\/div><\/section><\/div><div class='av-flex-placeholder'><\/div>\n<style type=\"text\/css\" data-created_by=\"avia_inline_auto\" id=\"style-css-av-499v5h-df0104cbffe2300f6500b1e5e468a274\">\n.flex_column.av-499v5h-df0104cbffe2300f6500b1e5e468a274{\nborder-radius:0px 0px 0px 0px;\n-webkit-border-radius:0px 0px 0px 0px;\n-moz-border-radius:0px 0px 0px 0px;\npadding:5px 5px 5px 5px;\n}\n<\/style>\n<div class='flex_column av-499v5h-df0104cbffe2300f6500b1e5e468a274 av_one_third  avia-builder-el-8  el_after_av_one_third  el_before_av_hr  flex_column_table_cell av-equal-height-column av-align-top '   ><style type=\"text\/css\" data-created_by=\"avia_inline_auto\" id=\"style-css-av-kyubebtl-f4cd58cdbe69bbd07adcc5eb83810e51\">\n#top .av_textblock_section.av-kyubebtl-f4cd58cdbe69bbd07adcc5eb83810e51 .avia_textblock{\nfont-size:15px;\n}\n<\/style>\n<section  class='av_textblock_section av-kyubebtl-f4cd58cdbe69bbd07adcc5eb83810e51'  itemscope=\"itemscope\" itemtype=\"https:\/\/schema.org\/CreativeWork\" ><div class='avia_textblock'  itemprop=\"text\" ><p style=\"text-align: center;\"><span style=\"color: #ffffff;\">The chef offers the best of European and Latvian cuisine from excellent Latvian products.<\/span><\/p>\n<\/div><\/section><\/div><\/div><!--close column table wrapper. Autoclose: 1 -->\n<style type=\"text\/css\" data-created_by=\"avia_inline_auto\" id=\"style-css-av-33wvr9-73924c3c3eec01406c9b0df8820753f0\">\n#top .hr.hr-invisible.av-33wvr9-73924c3c3eec01406c9b0df8820753f0{\nheight:70px;\n}\n<\/style>\n<div  class='hr av-33wvr9-73924c3c3eec01406c9b0df8820753f0 hr-invisible  avia-builder-el-10  el_after_av_one_third  avia-builder-el-last '><span class='hr-inner '><span class=\"hr-inner-style\"><\/span><\/span><\/div>\n<\/div><\/div><\/div><!-- close content main div --><\/div><\/div><\/div><div id='after_section_1'  class='main_color av_default_container_wrap container_wrap sidebar_right'  ><div class='container av-section-cont-open' ><div class='template-page content  av-content-small alpha units'><div class='post-entry post-entry-type-page post-entry-1525'><div class='entry-content-wrapper clearfix'>\n","protected":false},"excerpt":{"rendered":"","protected":false},"author":1,"featured_media":0,"parent":0,"menu_order":0,"comment_status":"closed","ping_status":"open","template":"","meta":{"inline_featured_image":false},"yoast_head":"<!-- This site is optimized with the Yoast SEO plugin v18.9 - https:\/\/yoast.com\/wordpress\/plugins\/seo\/ -->\n<title>Restaurant &amp; cocktail bar in Old Riga | B B\u0101rs Restor\u0101ns<\/title>\n<meta name=\"description\" content=\"It combines a good restaurant and a modern cocktail bar with a DJ on weekends. Style, atmosphere and quality in Old Riga, Dome Square.\" \/>\n<meta name=\"robots\" content=\"index, follow, max-snippet:-1, max-image-preview:large, max-video-preview:-1\" \/>\n<link rel=\"canonical\" href=\"https:\/\/bbars.lv\/en\/sakumlapa\/\" \/>\n<meta property=\"og:locale\" content=\"en_US\" \/>\n<meta property=\"og:type\" content=\"article\" \/>\n<meta property=\"og:title\" content=\"Restaurant &amp; cocktail bar in Old Riga | B B\u0101rs Restor\u0101ns\" \/>\n<meta property=\"og:description\" content=\"It combines a good restaurant and a modern cocktail bar with a DJ on weekends. Style, atmosphere and quality in Old Riga, Dome Square.\" \/>\n<meta property=\"og:url\" content=\"https:\/\/bbars.lv\/en\/sakumlapa\/\" \/>\n<meta property=\"og:site_name\" content=\"B B\u0100RS\" \/>\n<meta property=\"article:publisher\" content=\"https:\/\/www.facebook.com\/bbarsrestorans\" \/>\n<meta property=\"article:modified_time\" content=\"2025-07-07T11:22:38+00:00\" \/>\n<meta name=\"twitter:card\" content=\"summary\" \/>\n<meta name=\"twitter:label1\" content=\"Est. reading time\" \/>\n\t<meta name=\"twitter:data1\" content=\"4 minutes\" \/>\n<script type=\"application\/ld+json\" class=\"yoast-schema-graph\">{\"@context\":\"https:\/\/schema.org\",\"@graph\":[{\"@type\":\"WebSite\",\"@id\":\"https:\/\/bbars.lv\/en\/#website\",\"url\":\"https:\/\/bbars.lv\/en\/\",\"name\":\"B B\u0100RS\",\"description\":\"Restor\u0101ns | B\u0101rs | Pas\u0101kumu organiz\u0113\u0161ana | Banketi\",\"potentialAction\":[{\"@type\":\"SearchAction\",\"target\":{\"@type\":\"EntryPoint\",\"urlTemplate\":\"https:\/\/bbars.lv\/en\/?s={search_term_string}\"},\"query-input\":\"required name=search_term_string\"}],\"inLanguage\":\"en-US\"},{\"@type\":\"WebPage\",\"@id\":\"https:\/\/bbars.lv\/en\/sakumlapa\/#webpage\",\"url\":\"https:\/\/bbars.lv\/en\/sakumlapa\/\",\"name\":\"Restaurant & cocktail bar in Old Riga | B B\u0101rs Restor\u0101ns\",\"isPartOf\":{\"@id\":\"https:\/\/bbars.lv\/en\/#website\"},\"datePublished\":\"2016-02-08T07:31:03+00:00\",\"dateModified\":\"2025-07-07T11:22:38+00:00\",\"description\":\"It combines a good restaurant and a modern cocktail bar with a DJ on weekends. Style, atmosphere and quality in Old Riga, Dome Square.\",\"breadcrumb\":{\"@id\":\"https:\/\/bbars.lv\/en\/sakumlapa\/#breadcrumb\"},\"inLanguage\":\"en-US\",\"potentialAction\":[{\"@type\":\"ReadAction\",\"target\":[\"https:\/\/bbars.lv\/en\/sakumlapa\/\"]}]},{\"@type\":\"BreadcrumbList\",\"@id\":\"https:\/\/bbars.lv\/en\/sakumlapa\/#breadcrumb\",\"itemListElement\":[{\"@type\":\"ListItem\",\"position\":1,\"name\":\"Home\",\"item\":\"https:\/\/bbars.lv\/en\/sakumlapa\/\"},{\"@type\":\"ListItem\",\"position\":2,\"name\":\"Home\"}]}]}<\/script>\n<!-- \/ Yoast SEO plugin. -->","yoast_head_json":{"title":"Restaurant & cocktail bar in Old Riga | B B\u0101rs Restor\u0101ns","description":"It combines a good restaurant and a modern cocktail bar with a DJ on weekends. Style, atmosphere and quality in Old Riga, Dome Square.","robots":{"index":"index","follow":"follow","max-snippet":"max-snippet:-1","max-image-preview":"max-image-preview:large","max-video-preview":"max-video-preview:-1"},"canonical":"https:\/\/bbars.lv\/en\/sakumlapa\/","og_locale":"en_US","og_type":"article","og_title":"Restaurant & cocktail bar in Old Riga | B B\u0101rs Restor\u0101ns","og_description":"It combines a good restaurant and a modern cocktail bar with a DJ on weekends. Style, atmosphere and quality in Old Riga, Dome Square.","og_url":"https:\/\/bbars.lv\/en\/sakumlapa\/","og_site_name":"B B\u0100RS","article_publisher":"https:\/\/www.facebook.com\/bbarsrestorans","article_modified_time":"2025-07-07T11:22:38+00:00","twitter_card":"summary","twitter_misc":{"Est. reading time":"4 minutes"},"schema":{"@context":"https:\/\/schema.org","@graph":[{"@type":"WebSite","@id":"https:\/\/bbars.lv\/en\/#website","url":"https:\/\/bbars.lv\/en\/","name":"B B\u0100RS","description":"Restor\u0101ns | B\u0101rs | Pas\u0101kumu organiz\u0113\u0161ana | Banketi","potentialAction":[{"@type":"SearchAction","target":{"@type":"EntryPoint","urlTemplate":"https:\/\/bbars.lv\/en\/?s={search_term_string}"},"query-input":"required name=search_term_string"}],"inLanguage":"en-US"},{"@type":"WebPage","@id":"https:\/\/bbars.lv\/en\/sakumlapa\/#webpage","url":"https:\/\/bbars.lv\/en\/sakumlapa\/","name":"Restaurant & cocktail bar in Old Riga | B B\u0101rs Restor\u0101ns","isPartOf":{"@id":"https:\/\/bbars.lv\/en\/#website"},"datePublished":"2016-02-08T07:31:03+00:00","dateModified":"2025-07-07T11:22:38+00:00","description":"It combines a good restaurant and a modern cocktail bar with a DJ on weekends. Style, atmosphere and quality in Old Riga, Dome Square.","breadcrumb":{"@id":"https:\/\/bbars.lv\/en\/sakumlapa\/#breadcrumb"},"inLanguage":"en-US","potentialAction":[{"@type":"ReadAction","target":["https:\/\/bbars.lv\/en\/sakumlapa\/"]}]},{"@type":"BreadcrumbList","@id":"https:\/\/bbars.lv\/en\/sakumlapa\/#breadcrumb","itemListElement":[{"@type":"ListItem","position":1,"name":"Home","item":"https:\/\/bbars.lv\/en\/sakumlapa\/"},{"@type":"ListItem","position":2,"name":"Home"}]}]}},"_links":{"self":[{"href":"https:\/\/bbars.lv\/en\/wp-json\/wp\/v2\/pages\/1525"}],"collection":[{"href":"https:\/\/bbars.lv\/en\/wp-json\/wp\/v2\/pages"}],"about":[{"href":"https:\/\/bbars.lv\/en\/wp-json\/wp\/v2\/types\/page"}],"author":[{"embeddable":true,"href":"https:\/\/bbars.lv\/en\/wp-json\/wp\/v2\/users\/1"}],"replies":[{"embeddable":true,"href":"https:\/\/bbars.lv\/en\/wp-json\/wp\/v2\/comments?post=1525"}],"version-history":[{"count":19,"href":"https:\/\/bbars.lv\/en\/wp-json\/wp\/v2\/pages\/1525\/revisions"}],"predecessor-version":[{"id":5250,"href":"https:\/\/bbars.lv\/en\/wp-json\/wp\/v2\/pages\/1525\/revisions\/5250"}],"wp:attachment":[{"href":"https:\/\/bbars.lv\/en\/wp-json\/wp\/v2\/media?parent=1525"}],"curies":[{"name":"wp","href":"https:\/\/api.w.org\/{rel}","templated":true}]}}