{"id":1701,"date":"2016-02-27T16:29:23","date_gmt":"2016-02-27T16:29:23","guid":{"rendered":"http:\/\/bbars.lv\/en\/?page_id=1701"},"modified":"2016-02-27T16:29:23","modified_gmt":"2016-02-27T16:29:23","slug":"special-offer","status":"publish","type":"page","link":"https:\/\/bbars.lv\/en\/special-offer\/","title":{"rendered":"Special Offer"},"content":{"rendered":"<p>\n<style type=\"text\/css\" data-created_by=\"avia_inline_auto\" id=\"style-css-av-av_section-1f4af0343a7192922d2ddc2349b37634\">\n.avia-section.av-av_section-1f4af0343a7192922d2ddc2349b37634{\nbackground-repeat:no-repeat;\nbackground-image:url(https:\/\/bbars.lv\/wp-content\/uploads\/2014\/07\/BBars_footer.jpg);\nbackground-position:50% 50%;\nbackground-attachment:scroll;\n}\n<\/style>\n<div id='ipasiepiedavajumi'  class='avia-section av-av_section-1f4af0343a7192922d2ddc2349b37634 main_color avia-section-no-padding avia-no-border-styling  avia-builder-el-0  el_before_av_portfolio  avia-builder-el-first  avia-full-stretch avia-bg-style-scroll av-minimum-height av-minimum-height-custom  container_wrap sidebar_right'  data-section-bg-repeat='stretch'><div class='container av-section-cont-open' style='height:120px'><main  role=\"main\" itemprop=\"mainContentOfPage\"  class='template-page content  av-content-small alpha units'><div class='post-entry post-entry-type-page post-entry-1701'><div class='entry-content-wrapper clearfix'> <div  id=\"av-sc-portfolio-1\"  class=' grid-sort-container isotope   no_margin-container with-no-container grid-total-odd grid-col-3 grid-links-' data-portfolio-id='1'><div data-ajax-id='1857' class=' grid-entry flex_column isotope-item all_sort no_margin post-entry post-entry-1857 grid-entry-overview grid-loop-1 grid-parity-odd   av_one_third first default_av_fullwidth '><article class='main_color inner-entry'  itemscope=\"itemscope\" itemtype=\"https:\/\/schema.org\/CreativeWork\" ><a href=\"https:\/\/bbars.lv\/en\/dj_music\/\" title=''  data-rel='grid-1' class='grid-image avia-hover-fx'> <img width=\"1\" height=\"1\" src=\"https:\/\/bbars.lv\/wp-content\/uploads\/2016\/02\/portfolio_dj_en-01-1.svg\" class=\"wp-image-5098 avia-img-lazy-loading-not-5098 attachment-portfolio size-portfolio wp-post-image\" alt=\"\" \/><\/a><footer class=\"entry-footer\"><\/footer><\/article><\/div><div data-ajax-id='1853' class=' grid-entry flex_column isotope-item all_sort no_margin post-entry post-entry-1853 grid-entry-overview grid-loop-2 grid-parity-even   av_one_third  default_av_fullwidth '><article class='main_color inner-entry'  itemscope=\"itemscope\" itemtype=\"https:\/\/schema.org\/CreativeWork\" ><a href=\"https:\/\/bbars.lv\/en\/banquets\/\" title=''  data-rel='grid-1' class='grid-image avia-hover-fx'> <img width=\"1\" height=\"1\" src=\"https:\/\/bbars.lv\/wp-content\/uploads\/2016\/02\/portfolio_banketi_en-01-1.svg\" class=\"wp-image-5094 avia-img-lazy-loading-not-5094 attachment-portfolio size-portfolio wp-post-image\" alt=\"\" \/><\/a><footer class=\"entry-footer\"><\/footer><\/article><\/div><div data-ajax-id='1851' class=' grid-entry flex_column isotope-item all_sort no_margin post-entry post-entry-1851 grid-entry-overview grid-loop-3 grid-parity-odd  post-entry-last   av_one_third  default_av_fullwidth '><article class='main_color inner-entry'  itemscope=\"itemscope\" itemtype=\"https:\/\/schema.org\/CreativeWork\" ><a href=\"https:\/\/bbars.lv\/en\/gifts\/\" title=''  data-rel='grid-1' class='grid-image avia-hover-fx'> <img width=\"1\" height=\"1\" src=\"https:\/\/bbars.lv\/wp-content\/uploads\/2016\/02\/portfolio_davanas_en-01.svg\" class=\"wp-image-5087 avia-img-lazy-loading-not-5087 attachment-portfolio size-portfolio wp-post-image\" alt=\"\" \/><\/a><footer class=\"entry-footer\"><\/footer><\/article><\/div><\/div><\/p>\n","protected":false},"excerpt":{"rendered":"","protected":false},"author":1,"featured_media":0,"parent":0,"menu_order":0,"comment_status":"closed","ping_status":"closed","template":"","meta":{"inline_featured_image":false},"yoast_head":"<!-- This site is optimized with the Yoast SEO plugin v18.9 - https:\/\/yoast.com\/wordpress\/plugins\/seo\/ -->\n<title>Special Offer - B B\u0100RS<\/title>\n<meta name=\"robots\" content=\"index, follow, max-snippet:-1, max-image-preview:large, max-video-preview:-1\" \/>\n<link rel=\"canonical\" href=\"https:\/\/bbars.lv\/en\/special-offer\/\" \/>\n<meta property=\"og:locale\" content=\"en_US\" \/>\n<meta property=\"og:type\" content=\"article\" \/>\n<meta property=\"og:title\" content=\"Special Offer - B B\u0100RS\" \/>\n<meta property=\"og:url\" content=\"https:\/\/bbars.lv\/en\/special-offer\/\" \/>\n<meta property=\"og:site_name\" content=\"B B\u0100RS\" \/>\n<meta property=\"article:publisher\" content=\"https:\/\/www.facebook.com\/bbarsrestorans\" \/>\n<meta name=\"twitter:card\" content=\"summary\" \/>\n<meta name=\"twitter:label1\" content=\"Est. reading time\" \/>\n\t<meta name=\"twitter:data1\" content=\"1 minute\" \/>\n<script type=\"application\/ld+json\" class=\"yoast-schema-graph\">{\"@context\":\"https:\/\/schema.org\",\"@graph\":[{\"@type\":\"WebSite\",\"@id\":\"https:\/\/bbars.lv\/en\/#website\",\"url\":\"https:\/\/bbars.lv\/en\/\",\"name\":\"B B\u0100RS\",\"description\":\"Restor\u0101ns | B\u0101rs | Pas\u0101kumu organiz\u0113\u0161ana | Banketi\",\"potentialAction\":[{\"@type\":\"SearchAction\",\"target\":{\"@type\":\"EntryPoint\",\"urlTemplate\":\"https:\/\/bbars.lv\/en\/?s={search_term_string}\"},\"query-input\":\"required name=search_term_string\"}],\"inLanguage\":\"en-US\"},{\"@type\":\"WebPage\",\"@id\":\"https:\/\/bbars.lv\/en\/special-offer\/#webpage\",\"url\":\"https:\/\/bbars.lv\/en\/special-offer\/\",\"name\":\"Special Offer - B B\u0100RS\",\"isPartOf\":{\"@id\":\"https:\/\/bbars.lv\/en\/#website\"},\"datePublished\":\"2016-02-27T16:29:23+00:00\",\"dateModified\":\"2016-02-27T16:29:23+00:00\",\"breadcrumb\":{\"@id\":\"https:\/\/bbars.lv\/en\/special-offer\/#breadcrumb\"},\"inLanguage\":\"en-US\",\"potentialAction\":[{\"@type\":\"ReadAction\",\"target\":[\"https:\/\/bbars.lv\/en\/special-offer\/\"]}]},{\"@type\":\"BreadcrumbList\",\"@id\":\"https:\/\/bbars.lv\/en\/special-offer\/#breadcrumb\",\"itemListElement\":[{\"@type\":\"ListItem\",\"position\":1,\"name\":\"Home\",\"item\":\"https:\/\/bbars.lv\/en\/sakumlapa\/\"},{\"@type\":\"ListItem\",\"position\":2,\"name\":\"Special Offer\"}]}]}<\/script>\n<!-- \/ Yoast SEO plugin. -->","yoast_head_json":{"title":"Special Offer - B B\u0100RS","robots":{"index":"index","follow":"follow","max-snippet":"max-snippet:-1","max-image-preview":"max-image-preview:large","max-video-preview":"max-video-preview:-1"},"canonical":"https:\/\/bbars.lv\/en\/special-offer\/","og_locale":"en_US","og_type":"article","og_title":"Special Offer - B B\u0100RS","og_url":"https:\/\/bbars.lv\/en\/special-offer\/","og_site_name":"B B\u0100RS","article_publisher":"https:\/\/www.facebook.com\/bbarsrestorans","twitter_card":"summary","twitter_misc":{"Est. reading time":"1 minute"},"schema":{"@context":"https:\/\/schema.org","@graph":[{"@type":"WebSite","@id":"https:\/\/bbars.lv\/en\/#website","url":"https:\/\/bbars.lv\/en\/","name":"B B\u0100RS","description":"Restor\u0101ns | B\u0101rs | Pas\u0101kumu organiz\u0113\u0161ana | Banketi","potentialAction":[{"@type":"SearchAction","target":{"@type":"EntryPoint","urlTemplate":"https:\/\/bbars.lv\/en\/?s={search_term_string}"},"query-input":"required name=search_term_string"}],"inLanguage":"en-US"},{"@type":"WebPage","@id":"https:\/\/bbars.lv\/en\/special-offer\/#webpage","url":"https:\/\/bbars.lv\/en\/special-offer\/","name":"Special Offer - B B\u0100RS","isPartOf":{"@id":"https:\/\/bbars.lv\/en\/#website"},"datePublished":"2016-02-27T16:29:23+00:00","dateModified":"2016-02-27T16:29:23+00:00","breadcrumb":{"@id":"https:\/\/bbars.lv\/en\/special-offer\/#breadcrumb"},"inLanguage":"en-US","potentialAction":[{"@type":"ReadAction","target":["https:\/\/bbars.lv\/en\/special-offer\/"]}]},{"@type":"BreadcrumbList","@id":"https:\/\/bbars.lv\/en\/special-offer\/#breadcrumb","itemListElement":[{"@type":"ListItem","position":1,"name":"Home","item":"https:\/\/bbars.lv\/en\/sakumlapa\/"},{"@type":"ListItem","position":2,"name":"Special Offer"}]}]}},"_links":{"self":[{"href":"https:\/\/bbars.lv\/en\/wp-json\/wp\/v2\/pages\/1701"}],"collection":[{"href":"https:\/\/bbars.lv\/en\/wp-json\/wp\/v2\/pages"}],"about":[{"href":"https:\/\/bbars.lv\/en\/wp-json\/wp\/v2\/types\/page"}],"author":[{"embeddable":true,"href":"https:\/\/bbars.lv\/en\/wp-json\/wp\/v2\/users\/1"}],"replies":[{"embeddable":true,"href":"https:\/\/bbars.lv\/en\/wp-json\/wp\/v2\/comments?post=1701"}],"version-history":[{"count":2,"href":"https:\/\/bbars.lv\/en\/wp-json\/wp\/v2\/pages\/1701\/revisions"}],"predecessor-version":[{"id":2953,"href":"https:\/\/bbars.lv\/en\/wp-json\/wp\/v2\/pages\/1701\/revisions\/2953"}],"wp:attachment":[{"href":"https:\/\/bbars.lv\/en\/wp-json\/wp\/v2\/media?parent=1701"}],"curies":[{"name":"wp","href":"https:\/\/api.w.org\/{rel}","templated":true}]}}