{"id":1703,"date":"2016-02-27T16:30:28","date_gmt":"2016-02-27T16:30:28","guid":{"rendered":"http:\/\/bbars.lv\/en\/?page_id=1703"},"modified":"2023-10-31T12:27:49","modified_gmt":"2023-10-31T12:27:49","slug":"reservations","status":"publish","type":"page","link":"https:\/\/bbars.lv\/en\/reservations\/","title":{"rendered":"Reservations"},"content":{"rendered":"<div id='fullscreen_slider_1'  class='avia-fullscreen-slider main_color   avia-builder-el-0  el_before_av_section  avia-builder-el-first   container_wrap sidebar_right'  ><a href='#next-section' title='' class='scroll-down-link av-control-default' aria-hidden='true' data-av_icon='\ue877' data-av_iconfont='entypo-fontello'><\/a><div   data-size='no scaling'  data-lightbox_size='large'  data-animation='slide'  data-conditional_play=''  data-ids='3705'  data-video_counter='0'  data-autoplay='false'  data-bg_slider='true'  data-slide_height='100'  data-handle='av_fullscreen'  data-interval='5'  data-class=' '  data-el_id=''  data-css_id='fullscreen_slider_1'  data-scroll_down='aviaTBscroll_down'  data-control_layout='av-control-default'  data-custom_markup=''  data-perma_caption=''  data-autoplay_stopper=''  data-image_attachment=''  data-min_height='0px'  data-lazy_loading='disabled'  data-stretch=''  data-img_scrset=''  class='avia-slideshow avia-slideshow-1 av-slider-scroll-down-active av-control-default av-default-height-applied avia-slideshow-no scaling av_fullscreen   avia-slide-slider '  itemprop=\"image\" itemscope=\"itemscope\" itemtype=\"https:\/\/schema.org\/ImageObject\" ><ul class='avia-slideshow-inner ' style='padding-bottom: 57.961145603845%;' ><li style='background-position:center center;' data-img-url='https:\/\/bbars.lv\/wp-content\/uploads\/2015\/12\/IMG_6188.jpg' class=' av-single-slide slide-1 ' ><div data-rel='slideshow-1' class='avia-slide-wrap '   ><div class = \"caption_fullwidth av-slideshow-caption caption_left\"><div class = \"container caption_container\"><div class = \"slideshow_caption\"><div class = \"slideshow_inner_caption\"><div class = \"slideshow_align_caption\"><h1  style='font-size:40px; color:#ffffff; ' class='avia-caption-title  '  itemprop=\"name\" >RESERVATIONS<\/h1><div class='avia-caption-content  av_inherit_color'  itemprop=\"description\"   style='font-size:30px; '><p>+371 67 22 88 42<\/p>\n<\/div><a href='http:\/\/bbars.lv\/en\/reservations\/#rezervacijas_en'  class='avia-slideshow-button avia-button avia-color-light ' data-duration='800' data-easing='easeInOutQuad'>Fill the form<\/a><\/div><\/div><\/div><\/div><\/div><\/div><\/li><\/ul><\/div><\/div>\n<div id='av_section_1'  class='avia-section av-rfaqcn-455bb7c712217e6870aa91d641ec65d5 main_color avia-section-default avia-no-shadow  avia-builder-el-1  el_after_av_fullscreen  el_before_av_section  avia-bg-style-scroll container_wrap sidebar_right'  ><div class='container av-section-cont-open' ><div class='template-page content  av-content-small alpha units'><div class='post-entry post-entry-type-page post-entry-1703'><div class='entry-content-wrapper clearfix'>\n<\/div><\/div><\/div><!-- close content main div --><\/div><\/div><div id='rezervacijas_en'  class='avia-section av-pn8x3b-19dd877a5ec3ce11e243023a7c7d279f main_color avia-section-no-padding avia-no-border-styling  avia-builder-el-2  el_after_av_section  el_before_av_section  avia-bg-style-scroll container_wrap sidebar_right'  ><div class='container av-section-cont-open' ><div class='template-page content  av-content-small alpha units'><div class='post-entry post-entry-type-page post-entry-1703'><div class='entry-content-wrapper clearfix'>\n\n<style type=\"text\/css\" data-created_by=\"avia_inline_auto\" id=\"style-css-av-nxi9nr-4050f17a8693e35d30a96831095fe064\">\n.flex_column.av-nxi9nr-4050f17a8693e35d30a96831095fe064{\nborder-radius:0px 0px 0px 0px;\n-webkit-border-radius:0px 0px 0px 0px;\n-moz-border-radius:0px 0px 0px 0px;\n}\n<\/style>\n<div class='flex_column av-nxi9nr-4050f17a8693e35d30a96831095fe064 av_two_fifth  avia-builder-el-3  el_before_av_three_fifth  avia-builder-el-first  first flex_column_div av-zero-column-padding '   ><p>\n<style type=\"text\/css\" data-created_by=\"avia_inline_auto\" id=\"style-css-av-mua0lz-6b65b3fdcf1d7127bf395fb90fbe83af\">\n#top .av_textblock_section.av-mua0lz-6b65b3fdcf1d7127bf395fb90fbe83af .avia_textblock{\nfont-size:16px;\n}\n<\/style>\n<section  class='av_textblock_section av-mua0lz-6b65b3fdcf1d7127bf395fb90fbe83af'  itemscope=\"itemscope\" itemtype=\"https:\/\/schema.org\/CreativeWork\" ><div class='avia_textblock'  itemprop=\"text\" ><p>10% service charge will be added to your bill: Serving at terrace or parties more than 6 person.<\/p>\n<p>During the holidays time, Saturday and Sunday for table reservation possibilities please contact with restaurant: +371 67 22 88 42.<\/p>\n<p>We are asking to make a reservation 24 hours before. If You would like to book a table on reservation day, please, contact with restaurant on the phone.<\/p>\n<p>Your booking will be valid for 20 minutes after the selected time if you are delayed due to any unforeseen circumstances.<\/p>\n<\/div><\/section><br \/>\n\n<style type=\"text\/css\" data-created_by=\"avia_inline_auto\" id=\"style-css-av-k2awpj-f2b4e890d48a5aaf9b6489a63807e2c1\">\n#top .av-special-heading.av-k2awpj-f2b4e890d48a5aaf9b6489a63807e2c1{\npadding-bottom:10px;\nfont-size:25px;\n}\nbody .av-special-heading.av-k2awpj-f2b4e890d48a5aaf9b6489a63807e2c1 .av-special-heading-tag .heading-char{\nfont-size:25px;\n}\n#top #wrap_all .av-special-heading.av-k2awpj-f2b4e890d48a5aaf9b6489a63807e2c1 .av-special-heading-tag{\nfont-size:25px;\n}\n.av-special-heading.av-k2awpj-f2b4e890d48a5aaf9b6489a63807e2c1 .av-subheading{\nfont-size:15px;\n}\n<\/style>\n<div  class='av-special-heading av-k2awpj-f2b4e890d48a5aaf9b6489a63807e2c1 av-special-heading-h6 custom-color-heading blockquote modern-quote  avia-builder-el-5  el_after_av_textblock  el_before_av_textblock  av-inherit-size'><h6 class='av-special-heading-tag'  itemprop=\"headline\"  >TABLE RESERVATIONS<\/h6><div class=\"special-heading-border\"><div class=\"special-heading-inner-border\"><\/div><\/div><\/div><br \/>\n\n<style type=\"text\/css\" data-created_by=\"avia_inline_auto\" id=\"style-css-av-jsngzr-1d8f214e0d650eb72adb2120d0d8e882\">\n#top .av_textblock_section.av-jsngzr-1d8f214e0d650eb72adb2120d0d8e882 .avia_textblock{\nfont-size:16px;\n}\n<\/style>\n<section  class='av_textblock_section av-jsngzr-1d8f214e0d650eb72adb2120d0d8e882'  itemscope=\"itemscope\" itemtype=\"https:\/\/schema.org\/CreativeWork\" ><div class='avia_textblock'  itemprop=\"text\" ><p>For table reservations call: +371 67 22 88 42<\/p>\n<\/div><\/section><\/p><\/div>\n<style type=\"text\/css\" data-created_by=\"avia_inline_auto\" id=\"style-css-av-i08l1z-b4bec0dc0e7e657040cbca896257bafd\">\n.flex_column.av-i08l1z-b4bec0dc0e7e657040cbca896257bafd{\nborder-radius:0px 0px 0px 0px;\n-webkit-border-radius:0px 0px 0px 0px;\n-moz-border-radius:0px 0px 0px 0px;\n}\n<\/style>\n<div class='flex_column av-i08l1z-b4bec0dc0e7e657040cbca896257bafd av_three_fifth  avia-builder-el-7  el_after_av_two_fifth  avia-builder-el-last  flex_column_div av-zero-column-padding '   ><form action=\"https:\/\/bbars.lv\/en\/reservations\/\" method=\"post\"  class=\"avia_ajax_form av-form-labels-visible   avia-builder-el-8  avia-builder-el-no-sibling   \" data-avia-form-id=\"1\" data-avia-redirect='' ><h3 class=''>Send the request<\/h3><fieldset><p class='  first_form  form_element form_element_half' id='element_avia_1_1'><label for=\"avia_1_1\">Name <abbr class=\"required\" title=\"required\">*<\/abbr><\/label> <input name=\"avia_1_1\" class=\"text_input is_empty\" type=\"text\" id=\"avia_1_1\" value=\"\" \/><\/p><p class='  form_element form_element_half' id='element_avia_2_1'><label for=\"avia_2_1\">Phone <abbr class=\"required\" title=\"required\">*<\/abbr><\/label> <input name=\"avia_2_1\" class=\"text_input is_empty\" type=\"text\" id=\"avia_2_1\" value=\"\" \/><\/p><p class='  first_form  form_element form_element_half' id='element_avia_3_1'><label for=\"avia_3_1\">E-mail <abbr class=\"required\" title=\"required\">*<\/abbr><\/label> <input name=\"avia_3_1\" class=\"text_input is_email\" type=\"text\" id=\"avia_3_1\" value=\"\" \/><\/p><p class='  form_element form_element_half' id='element_avia_4_1'><label for=\"avia_4_1\">Date<\/label> <input name=\"avia_4_1\" class=\"avia_datepicker text_input \" type=\"text\" id=\"avia_4_1\" value=\"\" placeholder=\"DD \/ MM \/ YY\" \/><\/p><p class='  first_form  form_element form_element_half' id='element_avia_5_1'><label for=\"avia_5_1\">Time<\/label> <input name=\"avia_5_1\" class=\"text_input \" type=\"text\" id=\"avia_5_1\" value=\"\" \/><\/p><p class='  form_element form_element_half' id='element_avia_6_1'><label for=\"avia_6_1\">No of persons<\/label> <input name=\"avia_6_1\" class=\"text_input \" type=\"text\" id=\"avia_6_1\" value=\"\" \/><\/p><p class='  first_form  form_element form_fullwidth av-last-visible-form-element' id='element_avia_7_1'><label for=\"avia_7_1\" class=\"textare_label hidden textare_label_avia_7_1\">Message <abbr class=\"required\" title=\"required\">*<\/abbr><\/label><textarea  name=\"avia_7_1\" class=\"text_area is_empty\" cols=\"40\" rows=\"7\" id=\"avia_7_1\" ><\/textarea><\/p><p class=\"hidden\"><input type=\"text\" name=\"avia_8_1\" class=\"hidden \" id=\"avia_8_1\" value=\"\" \/><\/p><p class=\"form_element \"><input type=\"hidden\" value=\"1\" name=\"avia_generated_form1\" \/><input type=\"submit\" value=\"Send\" class=\"button\"  data-sending-label=\"Sending\"\/><\/p><\/fieldset><\/form><div id=\"ajaxresponse_1\" class=\"ajaxresponse ajaxresponse_1 hidden\"><\/div><\/div><\/div><\/div><\/div><!-- close content main div --><\/div><\/div><div id='av_section_3'  class='avia-section av-2rx7rr-8b396c2635c8452b8aba47e6c96576c8 main_color avia-section-default avia-no-border-styling  avia-builder-el-9  el_after_av_section  avia-builder-el-last  avia-bg-style-scroll container_wrap sidebar_right'  ><div class='container av-section-cont-open' ><div class='template-page content  av-content-small alpha units'><div class='post-entry post-entry-type-page post-entry-1703'><div class='entry-content-wrapper clearfix'><\/div><\/div><\/div><!-- close content main div --><\/div><\/div><div id='after_section_3'  class='main_color av_default_container_wrap container_wrap sidebar_right'  ><div class='container av-section-cont-open' ><div class='template-page content  av-content-small alpha units'><div class='post-entry post-entry-type-page post-entry-1703'><div class='entry-content-wrapper clearfix'><\/p>\n","protected":false},"excerpt":{"rendered":"","protected":false},"author":1,"featured_media":0,"parent":0,"menu_order":0,"comment_status":"closed","ping_status":"closed","template":"","meta":{"inline_featured_image":false},"yoast_head":"<!-- This site is optimized with the Yoast SEO plugin v18.9 - https:\/\/yoast.com\/wordpress\/plugins\/seo\/ -->\n<title>Reservations | B B\u0101rs Restor\u0101ns<\/title>\n<meta name=\"description\" content=\"In our restaurant, we accept reservations for groups, banquets, corporate events, seminars. Call +371 228842 and book a table.\" \/>\n<meta name=\"robots\" content=\"index, follow, max-snippet:-1, max-image-preview:large, max-video-preview:-1\" \/>\n<link rel=\"canonical\" href=\"https:\/\/bbars.lv\/en\/reservations\/\" \/>\n<meta property=\"og:locale\" content=\"en_US\" \/>\n<meta property=\"og:type\" content=\"article\" \/>\n<meta property=\"og:title\" content=\"Reservations | B B\u0101rs Restor\u0101ns\" \/>\n<meta property=\"og:description\" content=\"In our restaurant, we accept reservations for groups, banquets, corporate events, seminars. Call +371 228842 and book a table.\" \/>\n<meta property=\"og:url\" content=\"https:\/\/bbars.lv\/en\/reservations\/\" \/>\n<meta property=\"og:site_name\" content=\"B B\u0100RS\" \/>\n<meta property=\"article:publisher\" content=\"https:\/\/www.facebook.com\/bbarsrestorans\" \/>\n<meta property=\"article:modified_time\" content=\"2023-10-31T12:27:49+00:00\" \/>\n<meta name=\"twitter:card\" content=\"summary\" \/>\n<meta name=\"twitter:label1\" content=\"Est. reading time\" \/>\n\t<meta name=\"twitter:data1\" content=\"5 minutes\" \/>\n<script type=\"application\/ld+json\" class=\"yoast-schema-graph\">{\"@context\":\"https:\/\/schema.org\",\"@graph\":[{\"@type\":\"WebSite\",\"@id\":\"https:\/\/bbars.lv\/en\/#website\",\"url\":\"https:\/\/bbars.lv\/en\/\",\"name\":\"B B\u0100RS\",\"description\":\"Restor\u0101ns | B\u0101rs | Pas\u0101kumu organiz\u0113\u0161ana | Banketi\",\"potentialAction\":[{\"@type\":\"SearchAction\",\"target\":{\"@type\":\"EntryPoint\",\"urlTemplate\":\"https:\/\/bbars.lv\/en\/?s={search_term_string}\"},\"query-input\":\"required name=search_term_string\"}],\"inLanguage\":\"en-US\"},{\"@type\":\"WebPage\",\"@id\":\"https:\/\/bbars.lv\/en\/reservations\/#webpage\",\"url\":\"https:\/\/bbars.lv\/en\/reservations\/\",\"name\":\"Reservations | B B\u0101rs Restor\u0101ns\",\"isPartOf\":{\"@id\":\"https:\/\/bbars.lv\/en\/#website\"},\"datePublished\":\"2016-02-27T16:30:28+00:00\",\"dateModified\":\"2023-10-31T12:27:49+00:00\",\"description\":\"In our restaurant, we accept reservations for groups, banquets, corporate events, seminars. Call +371 228842 and book a table.\",\"breadcrumb\":{\"@id\":\"https:\/\/bbars.lv\/en\/reservations\/#breadcrumb\"},\"inLanguage\":\"en-US\",\"potentialAction\":[{\"@type\":\"ReadAction\",\"target\":[\"https:\/\/bbars.lv\/en\/reservations\/\"]}]},{\"@type\":\"BreadcrumbList\",\"@id\":\"https:\/\/bbars.lv\/en\/reservations\/#breadcrumb\",\"itemListElement\":[{\"@type\":\"ListItem\",\"position\":1,\"name\":\"Home\",\"item\":\"https:\/\/bbars.lv\/en\/sakumlapa\/\"},{\"@type\":\"ListItem\",\"position\":2,\"name\":\"Reservations\"}]}]}<\/script>\n<!-- \/ Yoast SEO plugin. -->","yoast_head_json":{"title":"Reservations | B B\u0101rs Restor\u0101ns","description":"In our restaurant, we accept reservations for groups, banquets, corporate events, seminars. Call +371 228842 and book a table.","robots":{"index":"index","follow":"follow","max-snippet":"max-snippet:-1","max-image-preview":"max-image-preview:large","max-video-preview":"max-video-preview:-1"},"canonical":"https:\/\/bbars.lv\/en\/reservations\/","og_locale":"en_US","og_type":"article","og_title":"Reservations | B B\u0101rs Restor\u0101ns","og_description":"In our restaurant, we accept reservations for groups, banquets, corporate events, seminars. Call +371 228842 and book a table.","og_url":"https:\/\/bbars.lv\/en\/reservations\/","og_site_name":"B B\u0100RS","article_publisher":"https:\/\/www.facebook.com\/bbarsrestorans","article_modified_time":"2023-10-31T12:27:49+00:00","twitter_card":"summary","twitter_misc":{"Est. reading time":"5 minutes"},"schema":{"@context":"https:\/\/schema.org","@graph":[{"@type":"WebSite","@id":"https:\/\/bbars.lv\/en\/#website","url":"https:\/\/bbars.lv\/en\/","name":"B B\u0100RS","description":"Restor\u0101ns | B\u0101rs | Pas\u0101kumu organiz\u0113\u0161ana | Banketi","potentialAction":[{"@type":"SearchAction","target":{"@type":"EntryPoint","urlTemplate":"https:\/\/bbars.lv\/en\/?s={search_term_string}"},"query-input":"required name=search_term_string"}],"inLanguage":"en-US"},{"@type":"WebPage","@id":"https:\/\/bbars.lv\/en\/reservations\/#webpage","url":"https:\/\/bbars.lv\/en\/reservations\/","name":"Reservations | B B\u0101rs Restor\u0101ns","isPartOf":{"@id":"https:\/\/bbars.lv\/en\/#website"},"datePublished":"2016-02-27T16:30:28+00:00","dateModified":"2023-10-31T12:27:49+00:00","description":"In our restaurant, we accept reservations for groups, banquets, corporate events, seminars. Call +371 228842 and book a table.","breadcrumb":{"@id":"https:\/\/bbars.lv\/en\/reservations\/#breadcrumb"},"inLanguage":"en-US","potentialAction":[{"@type":"ReadAction","target":["https:\/\/bbars.lv\/en\/reservations\/"]}]},{"@type":"BreadcrumbList","@id":"https:\/\/bbars.lv\/en\/reservations\/#breadcrumb","itemListElement":[{"@type":"ListItem","position":1,"name":"Home","item":"https:\/\/bbars.lv\/en\/sakumlapa\/"},{"@type":"ListItem","position":2,"name":"Reservations"}]}]}},"_links":{"self":[{"href":"https:\/\/bbars.lv\/en\/wp-json\/wp\/v2\/pages\/1703"}],"collection":[{"href":"https:\/\/bbars.lv\/en\/wp-json\/wp\/v2\/pages"}],"about":[{"href":"https:\/\/bbars.lv\/en\/wp-json\/wp\/v2\/types\/page"}],"author":[{"embeddable":true,"href":"https:\/\/bbars.lv\/en\/wp-json\/wp\/v2\/users\/1"}],"replies":[{"embeddable":true,"href":"https:\/\/bbars.lv\/en\/wp-json\/wp\/v2\/comments?post=1703"}],"version-history":[{"count":31,"href":"https:\/\/bbars.lv\/en\/wp-json\/wp\/v2\/pages\/1703\/revisions"}],"predecessor-version":[{"id":5524,"href":"https:\/\/bbars.lv\/en\/wp-json\/wp\/v2\/pages\/1703\/revisions\/5524"}],"wp:attachment":[{"href":"https:\/\/bbars.lv\/en\/wp-json\/wp\/v2\/media?parent=1703"}],"curies":[{"name":"wp","href":"https:\/\/api.w.org\/{rel}","templated":true}]}}