{"id":5070,"date":"2022-01-25T12:55:07","date_gmt":"2022-01-25T12:55:07","guid":{"rendered":"https:\/\/bbars.lv\/en\/?page_id=5070"},"modified":"2022-05-18T19:38:37","modified_gmt":"2022-05-18T19:38:37","slug":"banquets","status":"publish","type":"page","link":"https:\/\/bbars.lv\/en\/banquets\/","title":{"rendered":"Banquets"},"content":{"rendered":"<div id='fullscreen_slider_1'  class='avia-fullscreen-slider main_color   avia-builder-el-0  el_before_av_section  avia-builder-el-first   container_wrap sidebar_right'  ><a href='#next-section' title='' class='scroll-down-link av-control-default' aria-hidden='true' data-av_icon='\ue877' data-av_iconfont='entypo-fontello'><\/a><div   data-size='no scaling'  data-lightbox_size='large'  data-animation='slide'  data-conditional_play=''  data-ids='4763'  data-video_counter='0'  data-autoplay='false'  data-bg_slider='true'  data-slide_height='100'  data-handle='av_fullscreen'  data-interval='5'  data-class=' '  data-el_id=''  data-css_id='fullscreen_slider_1'  data-scroll_down='aviaTBscroll_down'  data-control_layout='av-control-default'  data-custom_markup=''  data-perma_caption=''  data-autoplay_stopper=''  data-image_attachment=''  data-min_height='0px'  data-lazy_loading='disabled'  data-stretch=''  data-img_scrset=''  class='avia-slideshow avia-slideshow-1 av-slider-scroll-down-active av-control-default av-default-height-applied avia-slideshow-no scaling av_fullscreen   avia-slide-slider '  itemprop=\"image\" itemscope=\"itemscope\" itemtype=\"https:\/\/schema.org\/ImageObject\" ><ul class='avia-slideshow-inner ' style='padding-bottom: 48.937921949613%;' ><li style='background-position:center center;' data-img-url='https:\/\/bbars.lv\/wp-content\/uploads\/2022\/01\/banketi.jpg' class=' av-single-slide slide-1 ' ><div data-rel='slideshow-1' class='avia-slide-wrap '   ><div class = \"caption_fullwidth av-slideshow-caption caption_left\"><div class = \"container caption_container\"><div class = \"slideshow_caption\"><div class = \"slideshow_inner_caption\"><div class = \"slideshow_align_caption\"><h1  style='font-size:40px; color:#ffffff; ' class='avia-caption-title  '  itemprop=\"name\" >BANQUETS<\/h1><div class='avia-caption-content  av_inherit_color'  itemprop=\"description\"   style='font-size:20px; '><p>We organize banquets in the restaurant premises in Riga, Doma square 2 or at your chosen location.<\/p>\n<\/div><a href='#banquets'  class='avia-slideshow-button avia-button avia-color-light ' data-duration='800' data-easing='easeInOutQuad'>Learn more<\/a><\/div><\/div><\/div><\/div><\/div><\/div><\/li><\/ul><\/div><\/div>\n<div id='av_section_1'  class='avia-section av-ekyn4u-86281484b6261b11c0642c49c79de5ec main_color avia-section-small avia-no-border-styling  avia-builder-el-1  el_after_av_fullscreen  el_before_av_section  avia-bg-style-scroll container_wrap sidebar_right'  ><div class='container av-section-cont-open' ><div class='template-page content  av-content-small alpha units'><div class='post-entry post-entry-type-page post-entry-5070'><div class='entry-content-wrapper clearfix'>\n<\/div><\/div><\/div><!-- close content main div --><\/div><\/div><div id='banquets'  class='avia-section av-cz9iwe-5e5b00f69d28cb831edbd44e0233a1db main_color avia-section-small avia-no-border-styling  avia-builder-el-2  el_after_av_section  el_before_av_section  avia-bg-style-scroll container_wrap sidebar_right'  ><div class='container av-section-cont-open' ><div class='template-page content  av-content-small alpha units'><div class='post-entry post-entry-type-page post-entry-5070'><div class='entry-content-wrapper clearfix'>\n\n<style type=\"text\/css\" data-created_by=\"avia_inline_auto\" id=\"style-css-av-awq9oe-a2a91cf6dde56ef707a5fe7ced2ed5d8\">\n.flex_column.av-awq9oe-a2a91cf6dde56ef707a5fe7ced2ed5d8{\nborder-radius:0px 0px 0px 0px;\n-webkit-border-radius:0px 0px 0px 0px;\n-moz-border-radius:0px 0px 0px 0px;\n}\n<\/style>\n<div class='flex_column av-awq9oe-a2a91cf6dde56ef707a5fe7ced2ed5d8 av_two_third  avia-builder-el-3  el_before_av_hr  avia-builder-el-first  first flex_column_div av-zero-column-padding '   ><style type=\"text\/css\" data-created_by=\"avia_inline_auto\" id=\"style-css-av-95dqwu-39888ccb7bcb3eaa8d471e293b813ab2\">\n#top .av_textblock_section.av-95dqwu-39888ccb7bcb3eaa8d471e293b813ab2 .avia_textblock{\nfont-size:16px;\n}\n<\/style>\n<section  class='av_textblock_section av-95dqwu-39888ccb7bcb3eaa8d471e293b813ab2'  itemscope=\"itemscope\" itemtype=\"https:\/\/schema.org\/CreativeWork\" ><div class='avia_textblock'  itemprop=\"text\" ><p>B Bar Restaurant is a place where to celebrate big and small celebrations (up to 100 people), to organize corporate events, conferences and seminars.<\/p>\n<p>There is a great selection of wines, spirits, cocktails, snacks or lunch \/ dinner, and of course our best pastries and cakes.<\/p>\n<p>If your celebration is planned in another place, we will be happy to serve you in the place of your choice. You can order and pick it up in Doma Square 2, but also we can prepare, to deliver and also decorate for you. If you wish, our chefs can gril at your party and our bartenders can mix cocktails for your guests.<\/p>\n<\/div><\/section><\/div>\n<style type=\"text\/css\" data-created_by=\"avia_inline_auto\" id=\"style-css-av-6xhl8u-d092a200a1096607acd1d1dedf0a8161\">\n#top .hr.hr-invisible.av-6xhl8u-d092a200a1096607acd1d1dedf0a8161{\nheight:30px;\n}\n<\/style>\n<div  class='hr av-6xhl8u-d092a200a1096607acd1d1dedf0a8161 hr-invisible  avia-builder-el-5  el_after_av_two_third  el_before_av_one_half '><span class='hr-inner '><span class=\"hr-inner-style\"><\/span><\/span><\/div>\n\n<style type=\"text\/css\" data-created_by=\"avia_inline_auto\" id=\"style-css-av-600lm6-5f78046d305e292cbb8d94f70134b6bb\">\n.flex_column.av-600lm6-5f78046d305e292cbb8d94f70134b6bb{\nborder-radius:0px 0px 0px 0px;\n-webkit-border-radius:0px 0px 0px 0px;\n-moz-border-radius:0px 0px 0px 0px;\n}\n<\/style>\n<div class='flex_column av-600lm6-5f78046d305e292cbb8d94f70134b6bb av_one_half  avia-builder-el-6  el_after_av_hr  avia-builder-el-last  first flex_column_div av-zero-column-padding '   ><style type=\"text\/css\" data-created_by=\"avia_inline_auto\" id=\"style-css-av-49rqbi-e23e7f926ed2df4533185f75a811bca6\">\n#top .av_textblock_section.av-49rqbi-e23e7f926ed2df4533185f75a811bca6 .avia_textblock{\nfont-size:16px;\n}\n<\/style>\n<section  class='av_textblock_section av-49rqbi-e23e7f926ed2df4533185f75a811bca6'  itemscope=\"itemscope\" itemtype=\"https:\/\/schema.org\/CreativeWork\" ><div class='avia_textblock'  itemprop=\"text\" ><h3>Call +371 20274437 or write to <a href=\"mailto:info@bbars.lv\">info@bbars.lv<\/a><\/h3>\n<\/div><\/section><\/div>\n\n<\/div><\/div><\/div><!-- close content main div --><\/div><\/div><div id='av_section_3'  class='avia-section av-348j5q-808185b720f02ac9f93c94e9790a0d18 main_color avia-section-small avia-no-border-styling  avia-builder-el-8  el_after_av_section  avia-builder-el-last  avia-bg-style-scroll container_wrap sidebar_right'  ><div class='container av-section-cont-open' ><div class='template-page content  av-content-small alpha units'><div class='post-entry post-entry-type-page post-entry-5070'><div class='entry-content-wrapper clearfix'><\/div><\/div><\/div><!-- close content main div --><\/div><\/div><div id='after_section_3'  class='main_color av_default_container_wrap container_wrap sidebar_right'  ><div class='container av-section-cont-open' ><div class='template-page content  av-content-small alpha units'><div class='post-entry post-entry-type-page post-entry-5070'><div class='entry-content-wrapper clearfix'>\n","protected":false},"excerpt":{"rendered":"","protected":false},"author":2,"featured_media":0,"parent":0,"menu_order":0,"comment_status":"closed","ping_status":"closed","template":"","meta":{"inline_featured_image":false},"yoast_head":"<!-- This site is optimized with the Yoast SEO plugin v18.9 - https:\/\/yoast.com\/wordpress\/plugins\/seo\/ -->\n<title>Banquets in Riga | B B\u0101rs Restor\u0101ns<\/title>\n<meta name=\"description\" content=\"We organize banquets in the restaurant premises in Riga, Doma square 2 or at your chosen location. Contact us for reserve your time.\" \/>\n<meta name=\"robots\" content=\"index, follow, max-snippet:-1, max-image-preview:large, max-video-preview:-1\" \/>\n<link rel=\"canonical\" href=\"https:\/\/bbars.lv\/en\/banquets\/\" \/>\n<meta property=\"og:locale\" content=\"en_US\" \/>\n<meta property=\"og:type\" content=\"article\" \/>\n<meta property=\"og:title\" content=\"Banquets in Riga | B B\u0101rs Restor\u0101ns\" \/>\n<meta property=\"og:description\" content=\"We organize banquets in the restaurant premises in Riga, Doma square 2 or at your chosen location. Contact us for reserve your time.\" \/>\n<meta property=\"og:url\" content=\"https:\/\/bbars.lv\/en\/banquets\/\" \/>\n<meta property=\"og:site_name\" content=\"B B\u0100RS\" \/>\n<meta property=\"article:publisher\" content=\"https:\/\/www.facebook.com\/bbarsrestorans\" \/>\n<meta property=\"article:modified_time\" content=\"2022-05-18T19:38:37+00:00\" \/>\n<meta name=\"twitter:card\" content=\"summary\" \/>\n<script type=\"application\/ld+json\" class=\"yoast-schema-graph\">{\"@context\":\"https:\/\/schema.org\",\"@graph\":[{\"@type\":\"WebSite\",\"@id\":\"https:\/\/bbars.lv\/en\/#website\",\"url\":\"https:\/\/bbars.lv\/en\/\",\"name\":\"B B\u0100RS\",\"description\":\"Restor\u0101ns | B\u0101rs | Pas\u0101kumu organiz\u0113\u0161ana | Banketi\",\"potentialAction\":[{\"@type\":\"SearchAction\",\"target\":{\"@type\":\"EntryPoint\",\"urlTemplate\":\"https:\/\/bbars.lv\/en\/?s={search_term_string}\"},\"query-input\":\"required name=search_term_string\"}],\"inLanguage\":\"en-US\"},{\"@type\":\"WebPage\",\"@id\":\"https:\/\/bbars.lv\/en\/banquets\/#webpage\",\"url\":\"https:\/\/bbars.lv\/en\/banquets\/\",\"name\":\"Banquets in Riga | B B\u0101rs Restor\u0101ns\",\"isPartOf\":{\"@id\":\"https:\/\/bbars.lv\/en\/#website\"},\"datePublished\":\"2022-01-25T12:55:07+00:00\",\"dateModified\":\"2022-05-18T19:38:37+00:00\",\"description\":\"We organize banquets in the restaurant premises in Riga, Doma square 2 or at your chosen location. Contact us for reserve your time.\",\"breadcrumb\":{\"@id\":\"https:\/\/bbars.lv\/en\/banquets\/#breadcrumb\"},\"inLanguage\":\"en-US\",\"potentialAction\":[{\"@type\":\"ReadAction\",\"target\":[\"https:\/\/bbars.lv\/en\/banquets\/\"]}]},{\"@type\":\"BreadcrumbList\",\"@id\":\"https:\/\/bbars.lv\/en\/banquets\/#breadcrumb\",\"itemListElement\":[{\"@type\":\"ListItem\",\"position\":1,\"name\":\"Home\",\"item\":\"https:\/\/bbars.lv\/en\/sakumlapa\/\"},{\"@type\":\"ListItem\",\"position\":2,\"name\":\"Banquets\"}]}]}<\/script>\n<!-- \/ Yoast SEO plugin. -->","yoast_head_json":{"title":"Banquets in Riga | B B\u0101rs Restor\u0101ns","description":"We organize banquets in the restaurant premises in Riga, Doma square 2 or at your chosen location. Contact us for reserve your time.","robots":{"index":"index","follow":"follow","max-snippet":"max-snippet:-1","max-image-preview":"max-image-preview:large","max-video-preview":"max-video-preview:-1"},"canonical":"https:\/\/bbars.lv\/en\/banquets\/","og_locale":"en_US","og_type":"article","og_title":"Banquets in Riga | B B\u0101rs Restor\u0101ns","og_description":"We organize banquets in the restaurant premises in Riga, Doma square 2 or at your chosen location. Contact us for reserve your time.","og_url":"https:\/\/bbars.lv\/en\/banquets\/","og_site_name":"B B\u0100RS","article_publisher":"https:\/\/www.facebook.com\/bbarsrestorans","article_modified_time":"2022-05-18T19:38:37+00:00","twitter_card":"summary","schema":{"@context":"https:\/\/schema.org","@graph":[{"@type":"WebSite","@id":"https:\/\/bbars.lv\/en\/#website","url":"https:\/\/bbars.lv\/en\/","name":"B B\u0100RS","description":"Restor\u0101ns | B\u0101rs | Pas\u0101kumu organiz\u0113\u0161ana | Banketi","potentialAction":[{"@type":"SearchAction","target":{"@type":"EntryPoint","urlTemplate":"https:\/\/bbars.lv\/en\/?s={search_term_string}"},"query-input":"required name=search_term_string"}],"inLanguage":"en-US"},{"@type":"WebPage","@id":"https:\/\/bbars.lv\/en\/banquets\/#webpage","url":"https:\/\/bbars.lv\/en\/banquets\/","name":"Banquets in Riga | B B\u0101rs Restor\u0101ns","isPartOf":{"@id":"https:\/\/bbars.lv\/en\/#website"},"datePublished":"2022-01-25T12:55:07+00:00","dateModified":"2022-05-18T19:38:37+00:00","description":"We organize banquets in the restaurant premises in Riga, Doma square 2 or at your chosen location. Contact us for reserve your time.","breadcrumb":{"@id":"https:\/\/bbars.lv\/en\/banquets\/#breadcrumb"},"inLanguage":"en-US","potentialAction":[{"@type":"ReadAction","target":["https:\/\/bbars.lv\/en\/banquets\/"]}]},{"@type":"BreadcrumbList","@id":"https:\/\/bbars.lv\/en\/banquets\/#breadcrumb","itemListElement":[{"@type":"ListItem","position":1,"name":"Home","item":"https:\/\/bbars.lv\/en\/sakumlapa\/"},{"@type":"ListItem","position":2,"name":"Banquets"}]}]}},"_links":{"self":[{"href":"https:\/\/bbars.lv\/en\/wp-json\/wp\/v2\/pages\/5070"}],"collection":[{"href":"https:\/\/bbars.lv\/en\/wp-json\/wp\/v2\/pages"}],"about":[{"href":"https:\/\/bbars.lv\/en\/wp-json\/wp\/v2\/types\/page"}],"author":[{"embeddable":true,"href":"https:\/\/bbars.lv\/en\/wp-json\/wp\/v2\/users\/2"}],"replies":[{"embeddable":true,"href":"https:\/\/bbars.lv\/en\/wp-json\/wp\/v2\/comments?post=5070"}],"version-history":[{"count":3,"href":"https:\/\/bbars.lv\/en\/wp-json\/wp\/v2\/pages\/5070\/revisions"}],"predecessor-version":[{"id":5254,"href":"https:\/\/bbars.lv\/en\/wp-json\/wp\/v2\/pages\/5070\/revisions\/5254"}],"wp:attachment":[{"href":"https:\/\/bbars.lv\/en\/wp-json\/wp\/v2\/media?parent=5070"}],"curies":[{"name":"wp","href":"https:\/\/api.w.org\/{rel}","templated":true}]}}